{"id":32,"date":"2022-03-27T20:39:12","date_gmt":"2022-03-27T20:39:12","guid":{"rendered":"https:\/\/matrimoniolagomaggiore.net\/?page_id=32"},"modified":"2022-03-30T23:48:17","modified_gmt":"2022-03-30T23:48:17","slug":"wedding-planning","status":"publish","type":"page","link":"https:\/\/matrimoniolagomaggiore.net\/en\/wedding-planning\/","title":{"rendered":"Wedding Planning"},"content":{"rendered":"\t\t<div data-elementor-type=\"wp-page\" data-elementor-id=\"32\" class=\"elementor elementor-32\" data-elementor-post-type=\"page\">\n\t\t\t\t\t\t<section class=\"elementor-section elementor-top-section elementor-element elementor-element-1a35df31 elementor-section-full_width elementor-section-height-min-height animated-slow elementor-section-height-default elementor-section-items-middle elementor-invisible\" data-id=\"1a35df31\" data-element_type=\"section\" data-e-type=\"section\" data-settings=\"{&quot;motion_fx_range&quot;:&quot;viewport&quot;,&quot;animation&quot;:&quot;fadeIn&quot;,&quot;motion_fx_motion_fx_scrolling&quot;:&quot;yes&quot;,&quot;motion_fx_devices&quot;:[&quot;desktop&quot;,&quot;tablet&quot;,&quot;mobile&quot;]}\">\n\t\t\t\t\t\t\t<div class=\"elementor-background-overlay\"><\/div>\n\t\t\t\t\t\t\t<div class=\"elementor-container elementor-column-gap-default\">\n\t\t\t\t\t<div class=\"elementor-column elementor-col-100 elementor-top-column elementor-element elementor-element-6d5a089b\" data-id=\"6d5a089b\" data-element_type=\"column\" data-e-type=\"column\" data-settings=\"{&quot;background_background&quot;:&quot;gradient&quot;}\">\n\t\t\t<div class=\"elementor-widget-wrap elementor-element-populated\">\n\t\t\t\t\t\t<div class=\"elementor-element elementor-element-3cafaee0 elementor-widget-divider--view-line elementor-widget elementor-widget-divider\" data-id=\"3cafaee0\" data-element_type=\"widget\" data-e-type=\"widget\" data-widget_type=\"divider.default\">\n\t\t\t\t<div class=\"elementor-widget-container\">\n\t\t\t\t\t\t\t<div class=\"elementor-divider\">\n\t\t\t<span class=\"elementor-divider-separator\">\n\t\t\t\t\t\t<\/span>\n\t\t<\/div>\n\t\t\t\t\t\t<\/div>\n\t\t\t\t<\/div>\n\t\t\t\t<div class=\"elementor-element elementor-element-8e61d91 animated-slow elementor-invisible elementor-widget elementor-widget-heading\" data-id=\"8e61d91\" data-element_type=\"widget\" data-e-type=\"widget\" data-settings=\"{&quot;_animation&quot;:&quot;fadeIn&quot;,&quot;_animation_delay&quot;:2000}\" data-widget_type=\"heading.default\">\n\t\t\t\t<div class=\"elementor-widget-container\">\n\t\t\t\t\t<h2 class=\"elementor-heading-title elementor-size-default\">Wedding &amp; Events - Lake Maggiore<\/h2>\t\t\t\t<\/div>\n\t\t\t\t<\/div>\n\t\t\t\t<div class=\"elementor-element elementor-element-195d02d elementor-widget elementor-widget-spacer\" data-id=\"195d02d\" data-element_type=\"widget\" data-e-type=\"widget\" data-widget_type=\"spacer.default\">\n\t\t\t\t<div class=\"elementor-widget-container\">\n\t\t\t\t\t\t\t<div class=\"elementor-spacer\">\n\t\t\t<div class=\"elementor-spacer-inner\"><\/div>\n\t\t<\/div>\n\t\t\t\t\t\t<\/div>\n\t\t\t\t<\/div>\n\t\t\t\t\t<\/div>\n\t\t<\/div>\n\t\t\t\t\t<\/div>\n\t\t<\/section>\n\t\t\t\t<section class=\"elementor-section elementor-top-section elementor-element elementor-element-73f5a6a8 elementor-section-full_width animated-slow elementor-section-height-default elementor-section-height-default elementor-invisible\" data-id=\"73f5a6a8\" data-element_type=\"section\" data-e-type=\"section\" data-settings=\"{&quot;motion_fx_range&quot;:&quot;viewport&quot;,&quot;animation&quot;:&quot;fadeIn&quot;,&quot;motion_fx_motion_fx_scrolling&quot;:&quot;yes&quot;,&quot;motion_fx_devices&quot;:[&quot;desktop&quot;,&quot;tablet&quot;,&quot;mobile&quot;]}\">\n\t\t\t\t\t\t\t<div class=\"elementor-background-overlay\"><\/div>\n\t\t\t\t\t\t\t<div class=\"elementor-container elementor-column-gap-default\">\n\t\t\t\t\t<div class=\"elementor-column elementor-col-100 elementor-top-column elementor-element elementor-element-3d8ca1e8\" data-id=\"3d8ca1e8\" data-element_type=\"column\" data-e-type=\"column\">\n\t\t\t<div class=\"elementor-widget-wrap elementor-element-populated\">\n\t\t\t\t\t\t<div class=\"elementor-element elementor-element-76b3ded8 animated-slow elementor-invisible elementor-widget elementor-widget-heading\" data-id=\"76b3ded8\" data-element_type=\"widget\" data-e-type=\"widget\" data-settings=\"{&quot;_animation&quot;:&quot;fadeInLeft&quot;,&quot;_animation_delay&quot;:1000}\" data-widget_type=\"heading.default\">\n\t\t\t\t<div class=\"elementor-widget-container\">\n\t\t\t\t\t<h3 class=\"elementor-heading-title elementor-size-default\">AudioVideoLuci - Official Wedding Service<\/h3>\t\t\t\t<\/div>\n\t\t\t\t<\/div>\n\t\t\t\t\t<\/div>\n\t\t<\/div>\n\t\t\t\t\t<\/div>\n\t\t<\/section>\n\t\t\t\t<section class=\"elementor-section elementor-top-section elementor-element elementor-element-515c01bc elementor-section-boxed elementor-section-height-default elementor-section-height-default\" data-id=\"515c01bc\" data-element_type=\"section\" data-e-type=\"section\" data-settings=\"{&quot;motion_fx_motion_fx_scrolling&quot;:&quot;yes&quot;,&quot;motion_fx_translateY_effect&quot;:&quot;yes&quot;,&quot;motion_fx_translateY_speed&quot;:{&quot;unit&quot;:&quot;px&quot;,&quot;size&quot;:4,&quot;sizes&quot;:[]},&quot;motion_fx_translateY_affectedRange&quot;:{&quot;unit&quot;:&quot;%&quot;,&quot;size&quot;:&quot;&quot;,&quot;sizes&quot;:{&quot;start&quot;:0,&quot;end&quot;:100}},&quot;motion_fx_devices&quot;:[&quot;desktop&quot;,&quot;tablet&quot;,&quot;mobile&quot;]}\">\n\t\t\t\t\t\t<div class=\"elementor-container elementor-column-gap-no\">\n\t\t\t\t\t<div class=\"elementor-column elementor-col-50 elementor-top-column elementor-element elementor-element-2cc88e3\" data-id=\"2cc88e3\" data-element_type=\"column\" data-e-type=\"column\" data-settings=\"{&quot;background_background&quot;:&quot;classic&quot;}\">\n\t\t\t<div class=\"elementor-widget-wrap\">\n\t\t\t\t\t\t\t<\/div>\n\t\t<\/div>\n\t\t\t\t<div class=\"elementor-column elementor-col-50 elementor-top-column elementor-element elementor-element-42d88fd2\" data-id=\"42d88fd2\" data-element_type=\"column\" data-e-type=\"column\">\n\t\t\t<div class=\"elementor-widget-wrap elementor-element-populated\">\n\t\t\t\t\t\t<div class=\"elementor-element elementor-element-4481a233 elementor-widget elementor-widget-text-editor\" data-id=\"4481a233\" data-element_type=\"widget\" data-e-type=\"widget\" data-widget_type=\"text-editor.default\">\n\t\t\t\t<div class=\"elementor-widget-container\">\n\t\t\t\t\t\t\t\t\t<p>L&#8217;organizzazione di un matrimonio ed il timore di commettere qualche errore possono essere risolti grazie ad una pianificazione ricca di esperienza.<\/p><p>Questo \u00e8 l&#8217;immenso valore aggiunto che pu\u00f2 dare un servizio di Wedding Planning.<\/p><p>Il servizio calza le richieste degli sposi accompagnandoli nelle scelte pi\u00f9 adeguate in base ai gusti, alle eventuali limitazioni ed al budget della coppia.<\/p><p><span style=\"text-decoration: underline;\"><strong>Forniamo tre livelli professionali Wedding:<\/strong><\/span><\/p><p><strong>1. Professionisti Wedding Consulting.<\/strong>\u00a0 Un viaggio virtuale nelle Locations per Matrimoni, accompagnando gli sposi nella descrizione della struttura evidenziandone pregi ed eventuali limitazioni, punti a favore e costi. Consulto sui catering, fioristi, fotografi e quant&#8217;altro. Tutto questo in un unico incontro. Vi far\u00e0 scegliere con pi\u00f9 sicurezza portandovi a conoscenza completa delle offerte sul territorio.<\/p><p><strong>2. Professionisti<\/strong> <strong>Wedding Day<\/strong>. L&#8217;afficamento ed il coordinamento di una persona che si occupa di eseguire un piano da voi organizzato, indicando i <em>momenti<\/em> corretti di azione a fioristi, parrucchieri, fotografi, cattering, musicisti e tecnici. Per evitare inconvenienti e conseguenti ritardi.<\/p><p><strong>3. Professionisti Wedding Planning<\/strong>. L&#8217;organizzazione completa di un Matrimonio, l&#8217;affiancamento nella scelta di ogni elemento e <em>momento<\/em>, una persona dedicata che si occupa di pianificare, personalizzare e amministrare il Matrimonio della coppia, in base alle loro richieste.<\/p><p>AudioVideoLuci trasferisce l&#8217;esperienza di anni di organizzazione eventi e weddings insieme al feeling tra fornitori testati e qualificati per darvi una sicurezza impareggiabile.<\/p>\t\t\t\t\t\t\t\t<\/div>\n\t\t\t\t<\/div>\n\t\t\t\t\t<\/div>\n\t\t<\/div>\n\t\t\t\t\t<\/div>\n\t\t<\/section>\n\t\t\t\t<\/div>\n\t\t","protected":false},"excerpt":{"rendered":"<p>AudioVideoLuci &#8211; Official Wedding Service L&#8217;organizzazione di un matrimonio ed il timore di commettere qualche errore possono essere risolti grazie ad una pianificazione ricca di esperienza. Questo \u00e8 l&#8217;immenso valore aggiunto che pu\u00f2 dare un servizio di Wedding Planning. Il servizio calza le richieste degli sposi accompagnandoli nelle scelte pi\u00f9 adeguate in base ai gusti, [&hellip;]<\/p>\n","protected":false},"author":1,"featured_media":0,"parent":0,"menu_order":0,"comment_status":"closed","ping_status":"closed","template":"","meta":{"footnotes":""},"class_list":["post-32","page","type-page","status-publish","hentry"],"_links":{"self":[{"href":"https:\/\/matrimoniolagomaggiore.net\/en\/wp-json\/wp\/v2\/pages\/32","targetHints":{"allow":["GET"]}}],"collection":[{"href":"https:\/\/matrimoniolagomaggiore.net\/en\/wp-json\/wp\/v2\/pages"}],"about":[{"href":"https:\/\/matrimoniolagomaggiore.net\/en\/wp-json\/wp\/v2\/types\/page"}],"author":[{"embeddable":true,"href":"https:\/\/matrimoniolagomaggiore.net\/en\/wp-json\/wp\/v2\/users\/1"}],"replies":[{"embeddable":true,"href":"https:\/\/matrimoniolagomaggiore.net\/en\/wp-json\/wp\/v2\/comments?post=32"}],"version-history":[{"count":34,"href":"https:\/\/matrimoniolagomaggiore.net\/en\/wp-json\/wp\/v2\/pages\/32\/revisions"}],"predecessor-version":[{"id":1806,"href":"https:\/\/matrimoniolagomaggiore.net\/en\/wp-json\/wp\/v2\/pages\/32\/revisions\/1806"}],"wp:attachment":[{"href":"https:\/\/matrimoniolagomaggiore.net\/en\/wp-json\/wp\/v2\/media?parent=32"}],"curies":[{"name":"wp","href":"https:\/\/api.w.org\/{rel}","templated":true}]}}