{"id":44,"date":"2022-03-27T20:40:06","date_gmt":"2022-03-27T20:40:06","guid":{"rendered":"https:\/\/matrimoniolagomaggiore.net\/?page_id=44"},"modified":"2022-03-30T21:43:25","modified_gmt":"2022-03-30T21:43:25","slug":"audio-per-la-torta","status":"publish","type":"page","link":"https:\/\/matrimoniolagomaggiore.net\/en\/audio\/audio-per-la-torta\/","title":{"rendered":"Audio diffusion for Cake Time"},"content":{"rendered":"<div data-elementor-type=\"wp-page\" data-elementor-id=\"44\" class=\"elementor elementor-44\" data-elementor-post-type=\"page\">\n\t\t\t\t\t\t<section class=\"elementor-section elementor-top-section elementor-element elementor-element-877acdc elementor-section-boxed elementor-section-height-default elementor-section-height-default\" data-id=\"877acdc\" data-element_type=\"section\" data-e-type=\"section\" data-settings=\"{&quot;background_background&quot;:&quot;classic&quot;}\">\n\t\t\t\t\t\t<div class=\"elementor-container elementor-column-gap-default\">\n\t\t\t\t\t<div class=\"elementor-column elementor-col-100 elementor-top-column elementor-element elementor-element-6c04aff\" data-id=\"6c04aff\" data-element_type=\"column\" data-e-type=\"column\">\n\t\t\t<div class=\"elementor-widget-wrap elementor-element-populated\">\n\t\t\t\t\t\t<div class=\"elementor-element elementor-element-0f29c43 elementor-widget elementor-widget-text-editor\" data-id=\"0f29c43\" data-element_type=\"widget\" data-e-type=\"widget\" data-widget_type=\"text-editor.default\">\n\t\t\t\t<div class=\"elementor-widget-container\">\n\t\t\t\t\t\t\t\t\t<p>A good sound diffusion during the cut of the cake will make more harmonious the union between emotion, taste, light and sounds.<\/p><p>The moment of the wedding cake cut is the perfect opportunity and waiting to declare your love again, having all eyes on you.<\/p><p>A sound base or a speech will make you communicate new emotions.<\/p><p>The installation of discreet but powerful audio systems will give the right attention to the bride and groom.<\/p><p>Possibility to make speech with radio microphone systems.<\/p><p>Wide availability of professional systems to meet the most demanding requirements.<\/p><p>\u00a0<\/p>\t\t\t\t\t\t\t\t<\/div>\n\t\t\t\t<\/div>\n\t\t\t\t\t<\/div>\n\t\t<\/div>\n\t\t\t\t\t<\/div>\n\t\t<\/section>\n\t\t\t\t<section class=\"elementor-section elementor-top-section elementor-element elementor-element-15eab96 elementor-section-height-min-height elementor-section-boxed elementor-section-height-default elementor-section-items-middle\" data-id=\"15eab96\" data-element_type=\"section\" data-e-type=\"section\" data-settings=\"{&quot;background_background&quot;:&quot;classic&quot;}\">\n\t\t\t\t\t\t<div class=\"elementor-container elementor-column-gap-default\">\n\t\t\t\t\t<div class=\"elementor-column elementor-col-100 elementor-top-column elementor-element elementor-element-e9abd7c\" data-id=\"e9abd7c\" data-element_type=\"column\" data-e-type=\"column\">\n\t\t\t<div class=\"elementor-widget-wrap elementor-element-populated\">\n\t\t\t\t\t\t<section class=\"elementor-section elementor-inner-section elementor-element elementor-element-aaa6269 elementor-section-boxed elementor-section-height-default elementor-section-height-default\" data-id=\"aaa6269\" data-element_type=\"section\" data-e-type=\"section\">\n\t\t\t\t\t\t<div class=\"elementor-container elementor-column-gap-default\">\n\t\t\t\t\t<div class=\"elementor-column elementor-col-100 elementor-inner-column elementor-element elementor-element-43076c9\" data-id=\"43076c9\" data-element_type=\"column\" data-e-type=\"column\">\n\t\t\t<div class=\"elementor-widget-wrap\">\n\t\t\t\t\t\t\t<\/div>\n\t\t<\/div>\n\t\t\t\t\t<\/div>\n\t\t<\/section>\n\t\t\t\t<div class=\"elementor-element elementor-element-127758e elementor-widget elementor-widget-text-editor\" data-id=\"127758e\" data-element_type=\"widget\" data-e-type=\"widget\" data-widget_type=\"text-editor.default\">\n\t\t\t\t<div class=\"elementor-widget-container\">\n\t\t\t\t\t\t\t\t\t<p>A good sound diffusion during the wedding banquest will make more harmonious the union between emotion, taste, light and sounds.<\/p><p>We offer discreet and invisible audio systems to spread your music in environments.<\/p><p>Possibility to make speech with radio microphone systems.<\/p><p>Wide availability of professional systems to meet the most demanding requirements.<\/p>\t\t\t\t\t\t\t\t<\/div>\n\t\t\t\t<\/div>\n\t\t\t\t\t<\/div>\n\t\t<\/div>\n\t\t\t\t\t<\/div>\n\t\t<\/section>\n\t\t\t\t<\/div>","protected":false},"excerpt":{"rendered":"<p>Una buona diffusione sonora durante il taglio della torta render\u00e0 pi\u00f9 armonioso il connubio tra emozione, gusto, luce e suoni. Il momento del taglio della torta nuziale \u00e8 l&#8217;occasione perfetta ed attesa di dichiarare il vostro amore nuovamente, avendo tutti gli occhi puntati su di voi. Una base sonora o un discorso vi far\u00e0 comunicare [&hellip;]<\/p>\n","protected":false},"author":1,"featured_media":1728,"parent":21,"menu_order":0,"comment_status":"closed","ping_status":"closed","template":"","meta":{"footnotes":""},"class_list":["post-44","page","type-page","status-publish","has-post-thumbnail","hentry"],"_links":{"self":[{"href":"https:\/\/matrimoniolagomaggiore.net\/en\/wp-json\/wp\/v2\/pages\/44","targetHints":{"allow":["GET"]}}],"collection":[{"href":"https:\/\/matrimoniolagomaggiore.net\/en\/wp-json\/wp\/v2\/pages"}],"about":[{"href":"https:\/\/matrimoniolagomaggiore.net\/en\/wp-json\/wp\/v2\/types\/page"}],"author":[{"embeddable":true,"href":"https:\/\/matrimoniolagomaggiore.net\/en\/wp-json\/wp\/v2\/users\/1"}],"replies":[{"embeddable":true,"href":"https:\/\/matrimoniolagomaggiore.net\/en\/wp-json\/wp\/v2\/comments?post=44"}],"version-history":[{"count":9,"href":"https:\/\/matrimoniolagomaggiore.net\/en\/wp-json\/wp\/v2\/pages\/44\/revisions"}],"predecessor-version":[{"id":1729,"href":"https:\/\/matrimoniolagomaggiore.net\/en\/wp-json\/wp\/v2\/pages\/44\/revisions\/1729"}],"up":[{"embeddable":true,"href":"https:\/\/matrimoniolagomaggiore.net\/en\/wp-json\/wp\/v2\/pages\/21"}],"wp:featuredmedia":[{"embeddable":true,"href":"https:\/\/matrimoniolagomaggiore.net\/en\/wp-json\/wp\/v2\/media\/1728"}],"wp:attachment":[{"href":"https:\/\/matrimoniolagomaggiore.net\/en\/wp-json\/wp\/v2\/media?parent=44"}],"curies":[{"name":"wp","href":"https:\/\/api.w.org\/{rel}","templated":true}]}}